{"id":3025,"date":"2026-04-07T09:41:19","date_gmt":"2026-04-07T06:41:19","guid":{"rendered":"https:\/\/ambalkuwait.esteri.it\/?page_id=3025"},"modified":"2026-04-07T09:41:19","modified_gmt":"2026-04-07T06:41:19","slug":"dichiarazione-di-valore","status":"publish","type":"page","link":"https:\/\/ambalkuwait.esteri.it\/it\/servizi-consolari-e-visti\/servizi-per-il-cittadino-straniero\/dichiarazione-di-valore\/","title":{"rendered":"Dichiarazione di Valore"},"content":{"rendered":"<p><strong>DICHIARAZIONE DI VALORE DI TITOLI DI STUDIO<\/strong><\/p>\n<ul>\n<li><strong>EFFETTI DEL DOCUMENTO<\/strong><\/li>\n<\/ul>\n<p>La\u00a0<strong>dichiarazione di valore<\/strong>\u00a0\u00e8 un documento rilasciato dalle Autorit\u00e0 consolari italiane a coloro che, avendo conseguito un titolo di studio presso Istituti di istruzione stranieri, intendono\u00a0<u>proseguire gli studi in Italia, avviare le procedure di equipollenza dei titoli di studio oppure di riconoscimento professionale<\/u>.<\/p>\n<p>Possono richiedere la Dichiarazione di valore, previo appuntamento al servizio, gli utenti \u2013 cittadini italiani e\/o stranieri \u2013 che risultino aver\u00a0<strong>conseguito il proprio titolo di studio nella circoscrizione consolare del Kuwait<\/strong>.<\/p>\n<p>La Dichiarazione di Valore non attribuisce alcun riconoscimento al Titolo in Italia; ha l\u2019unico scopo di descrivere il valore acquisito dal Titolo di studio nel Paese di origine. <u>Il riconoscimento o l\u2019equipollenza dei titoli rientrano nella competenza delle specifiche Autorit\u00e0 italiane interessate<\/u>.<\/p>\n<ul>\n<li><strong>REQUISITI<\/strong><\/li>\n<\/ul>\n<p>Per ottenere la Dichiarazione di Valore di un diploma o titolo di studio, il richiedente <u>\u2013 o i genitori in caso di minore di anni 18 alla data di presentazione dell\u2019istanza<\/u> \u2013 deve presentare:<\/p>\n<ul>\n<li style=\"list-style-type: none;\">\n<ul>\n<li><strong>Modulo di domanda<\/strong> compilato e firmato, disponibile al seguente <a href=\"https:\/\/ambalkuwait.esteri.it\/wp-content\/uploads\/2026\/04\/Modulo-di-domanda-di-Dichiarazione-di-Valore-ITA-e-ENG.pdf\">link<\/a>, indirizzato all\u2019Ambasciata d\u2019Italia in Kuwait, Cancelleria Consolare, con precisazione della finalit\u00e0 della richiesta (es. proseguimento degli studi in Italia, impiego professionale, ecc.);<\/li>\n<li><strong>Titoli di studio conseguiti in originale dell\u2019intero percorso scolastico svolto<\/strong>: certificati e diplomi conseguiti (scuola primaria, secondaria, college, laurea triennale\/magistrale, dottorato, se presenti);<\/li>\n<li><strong>Copie conformi dei titoli<\/strong> rilasciate dall\u2019Istituto di provenienza, <strong><u>con timbro e firma del dirigente dell\u2019istituto e munite di legalizzazione del Ministero degli Affari Esteri del Kuwait<\/u><\/strong>;<\/li>\n<li><strong>Attestazione dell\u2019istituto<\/strong> &#8211; dichiarazione ufficiale dell\u2019istituto &#8211; che confermi la frequenza regolare e il superamento degli esami, <strong><u>con timbro e firma del dirigente dell\u2019istituto e munite di legalizzazione del Ministero degli Affari Esteri del Kuwait<\/u><\/strong>;<\/li>\n<li><strong>Certificato degli esami sostenuti<\/strong>: documento che riporti il programma di studi, gli anni completati, i voti conseguiti in ciascuna materia e il GPA finale<strong> <u>con timbro e firma del dirigente dell\u2019istituto e munite di legalizzazione del Ministero degli Affari Esteri del Kuwait<\/u><\/strong>;<\/li>\n<li><strong>Traduzioni ufficiali in lingua italiana<\/strong>: <u>tutti<\/u> i documenti originali e le copie conformi con legalizzazione <u>devono essere tradotti in italiano<\/u> per la successiva asseverazione della traduzione;<\/li>\n<li><strong>Documento di identit\u00e0<\/strong>: copia del passaporto del richiedete \u2013 se la richiesta \u00e8 relativa a un minore di anni 18, anche copia dei documenti dei genitori sottoscrittori del modulo di richiesta;<\/li>\n<li><strong>Una foto recente in formato tessera<\/strong>.<\/li>\n<\/ul>\n<\/li>\n<\/ul>\n<p><strong><u>Attenzione<\/u><\/strong>: <u>se la scuola non segue il sistema accademico kuwaitiano<\/u> (scuole inglesi, americane, indiane), <u>\u00e8 necessaria la <strong>Dichiarazione conclusiva del percorso di studi rilasciata dal Ministero dell\u2019Educazione del Kuwait \u2013 Private Section<\/strong><\/u>.<\/p>\n<p>Tale dichiarazione certifica che il titolo della scuola \u00e8 equivalente al certificato rilasciato dalle scuole che seguono il sistema accademico del Kuwait. <strong><u>Anche questo documento deve essere legalizzato dal Ministero degli Affari Esteri del Kuwait e tradotto in lingua italiana<\/u><\/strong>.<\/p>\n<ul>\n<li><strong>FORMAZIONE PROFESSIONALE<\/strong><\/li>\n<\/ul>\n<p>Qualora la Dichiarazione di Valore sia richiesta per ottenere il riconoscimento del titolo professionale\/accademico in Italia, \u00e8 necessario presentare la certificazione rilasciata dall\u2019Autorit\u00e0 competente dalla quale risulti l\u2019iscrizione all\u2019Albo Professionale e il relativo numero di matricola (da presentare in originale, in copia legalizzata e traduzione in italiano).<\/p>\n<ul>\n<li><strong>APPUNTAMENTI<\/strong><\/li>\n<\/ul>\n<p>Per ottenere un appuntamento \u00e8 necessario inviare la richiesta per email, precisando il nominativo del richiedente, confermando di essere gi\u00e0 in possesso di tutta la documentazione richiesta, nonch\u00e9 allegando il modulo di domanda (1) e copia del documento (7), scrivendo all\u2019indirizzo: <a href=\"mailto:consolare.alkuwait@esteri.it\">consolare.alkuwait@esteri.it<\/a>.<\/p>\n<ul>\n<li><strong>INFORMAZIONI SUGLI ISTITUTI UNIVERSITARI<\/strong><\/li>\n<\/ul>\n<p>La Cancelleria Consolare non offre informazioni sul panorama accademico italiano. Gli studenti interessati ad accedere ad un percorso formativo universitario in Italia sono invitati a prendere visione del portale Universitaly al link: <a href=\"https:\/\/www.universitaly.it\/\">https:\/\/www.universitaly.it\/<\/a><\/p>\n<p>Inoltre, si raccomanda agli interessati di verificare con l\u2019universit\u00e0 prescelta i requisiti di ammissione e la documentazione richiesta per l\u2019immatricolazione.<\/p>\n","protected":false},"excerpt":{"rendered":"DICHIARAZIONE DI VALORE DI TITOLI DI STUDIO EFFETTI DEL DOCUMENTO La\u00a0dichiarazione di valore\u00a0\u00e8 un documento rilasciato dalle Autorit\u00e0 consolari italiane a coloro che, avendo conseguito un titolo di studio presso Istituti di istruzione stranieri, intendono\u00a0proseguire gli studi in Italia, avviare le procedure di equipollenza dei titoli di studio oppure di riconoscimento professionale. Possono richiedere la [&hellip;]","protected":false},"author":4,"featured_media":0,"parent":48,"menu_order":4,"comment_status":"closed","ping_status":"closed","template":"","meta":{"footnotes":""},"class_list":["post-3025","page","type-page","status-publish","hentry"],"_links":{"self":[{"href":"https:\/\/ambalkuwait.esteri.it\/it\/wp-json\/wp\/v2\/pages\/3025","targetHints":{"allow":["GET"]}}],"collection":[{"href":"https:\/\/ambalkuwait.esteri.it\/it\/wp-json\/wp\/v2\/pages"}],"about":[{"href":"https:\/\/ambalkuwait.esteri.it\/it\/wp-json\/wp\/v2\/types\/page"}],"author":[{"embeddable":true,"href":"https:\/\/ambalkuwait.esteri.it\/it\/wp-json\/wp\/v2\/users\/4"}],"replies":[{"embeddable":true,"href":"https:\/\/ambalkuwait.esteri.it\/it\/wp-json\/wp\/v2\/comments?post=3025"}],"version-history":[{"count":1,"href":"https:\/\/ambalkuwait.esteri.it\/it\/wp-json\/wp\/v2\/pages\/3025\/revisions"}],"predecessor-version":[{"id":3026,"href":"https:\/\/ambalkuwait.esteri.it\/it\/wp-json\/wp\/v2\/pages\/3025\/revisions\/3026"}],"up":[{"embeddable":true,"href":"https:\/\/ambalkuwait.esteri.it\/it\/wp-json\/wp\/v2\/pages\/48"}],"wp:attachment":[{"href":"https:\/\/ambalkuwait.esteri.it\/it\/wp-json\/wp\/v2\/media?parent=3025"}],"curies":[{"name":"wp","href":"https:\/\/api.w.org\/{rel}","templated":true}]}}