{"id":341,"date":"2023-10-15T16:48:45","date_gmt":"2023-10-15T13:48:45","guid":{"rendered":"https:\/\/ambalkuwait.esteri.it\/?page_id=341"},"modified":"2023-10-15T16:55:57","modified_gmt":"2023-10-15T13:55:57","slug":"ice-locale","status":"publish","type":"page","link":"https:\/\/ambalkuwait.esteri.it\/it\/italia-e-kuwait\/diplomazia-economica\/fare-affari-in-kuwait\/ice-locale\/","title":{"rendered":"ICE locale"},"content":{"rendered":"<p>Presso l&#8217;Ambasciata \u00e8 aperto un punto di corrispondenza di ICE Agenzia alle dipendenze di ICE Riyadh.<\/p>\n<p>L&#8217;Ufficio fornisce servizi di assistenza ed informazione alle aziende italiane, con particolare attenzione alle PMI, interessate ad esplorare opportunit\u00e0 commerciali in Kuwait. Altro obiettivo dell&#8217;Ufficio \u00e8 dare nuovo vigore alle attivit\u00e0 di promozione del &#8220;Made in Italy&#8221;: seminari di divulgazione dei prodotti, tecnologie e servizi italiani, workshops e incontri aziendali, invito di operatori kuwaitiani in Italia, azioni di formazione in collaborazione con Enti italiani e kuwaitiani di settore e molto altro.<\/p>\n<p><a href=\"https:\/\/www.ice.it\/it\/mercati\/kuwait\">Clicca qui per informazioni complete sulla attivit\u00e0 dell\u2019Ufficio e contatti<\/a><\/p>\n<p>Tel: +(965) 25353426<br \/>\nFax: +(965) 25353439<br \/>\nE-mail:\u00a0<a href=\"mailto:kuwait@ice.it\">kuwait@ice.it<\/a><\/p>\n","protected":false},"excerpt":{"rendered":"Presso l&#8217;Ambasciata \u00e8 aperto un punto di corrispondenza di ICE Agenzia alle dipendenze di ICE Riyadh. L&#8217;Ufficio fornisce servizi di assistenza ed informazione alle aziende italiane, con particolare attenzione alle PMI, interessate ad esplorare opportunit\u00e0 commerciali in Kuwait. Altro obiettivo dell&#8217;Ufficio \u00e8 dare nuovo vigore alle attivit\u00e0 di promozione del &#8220;Made in Italy&#8221;: seminari di [&hellip;]","protected":false},"author":4,"featured_media":0,"parent":95,"menu_order":2,"comment_status":"closed","ping_status":"closed","template":"","meta":{"footnotes":""},"class_list":["post-341","page","type-page","status-publish","hentry"],"_links":{"self":[{"href":"https:\/\/ambalkuwait.esteri.it\/it\/wp-json\/wp\/v2\/pages\/341","targetHints":{"allow":["GET"]}}],"collection":[{"href":"https:\/\/ambalkuwait.esteri.it\/it\/wp-json\/wp\/v2\/pages"}],"about":[{"href":"https:\/\/ambalkuwait.esteri.it\/it\/wp-json\/wp\/v2\/types\/page"}],"author":[{"embeddable":true,"href":"https:\/\/ambalkuwait.esteri.it\/it\/wp-json\/wp\/v2\/users\/4"}],"replies":[{"embeddable":true,"href":"https:\/\/ambalkuwait.esteri.it\/it\/wp-json\/wp\/v2\/comments?post=341"}],"version-history":[{"count":1,"href":"https:\/\/ambalkuwait.esteri.it\/it\/wp-json\/wp\/v2\/pages\/341\/revisions"}],"predecessor-version":[{"id":342,"href":"https:\/\/ambalkuwait.esteri.it\/it\/wp-json\/wp\/v2\/pages\/341\/revisions\/342"}],"up":[{"embeddable":true,"href":"https:\/\/ambalkuwait.esteri.it\/it\/wp-json\/wp\/v2\/pages\/95"}],"wp:attachment":[{"href":"https:\/\/ambalkuwait.esteri.it\/it\/wp-json\/wp\/v2\/media?parent=341"}],"curies":[{"name":"wp","href":"https:\/\/api.w.org\/{rel}","templated":true}]}}