{"id":350,"date":"2023-10-15T17:11:39","date_gmt":"2023-10-15T14:11:39","guid":{"rendered":"https:\/\/ambalkuwait.esteri.it\/?page_id=350"},"modified":"2023-10-24T12:13:06","modified_gmt":"2023-10-24T09:13:06","slug":"assistenza-e-promozione","status":"publish","type":"page","link":"https:\/\/ambalkuwait.esteri.it\/it\/italia-e-kuwait\/diplomazia-economica\/fare-affari-in-kuwait\/servizi-per-le-imprese\/assistenza-e-promozione\/","title":{"rendered":"Assistenza e promozione"},"content":{"rendered":"<h5><span style=\"color: #000080;\"><strong>ICE &#8211; Istituto nazionale per il Commercio Estero<\/strong><\/span><\/h5>\n<p style=\"padding-left: 40px;\">\u2022 Ente pubblico che ha il compito di sviluppare, agevolare e promuovere i rapporti economici e commerciali italiani con l&#8217;estero, con particolare attenzione alle esigenze delle piccole e medie imprese, dei loro consorzi e raggruppamenti; in stretta collaborazione con il Ministero delle Attivit\u00e0 Produttive elabora il Programma delle Attivit\u00e0 promozionali;<\/p>\n<p style=\"padding-left: 40px;\">\u2022 organizza partecipazioni a fiere internazionali e iniziative per sviluppare contatti e business;<\/p>\n<p style=\"padding-left: 40px;\">\u2022 organizza e gestisce seminari e incontri tra operatori, conduce ricerche di mercato, sviluppa azioni di comunicazione;<\/p>\n<p style=\"padding-left: 40px;\">\u2022 svolge attivit\u00e0 di attrazione degli investimenti esteri in Italia, promuovendo all\u2019estero &#8211; per conto di agenzie di sviluppo locali &#8211; le opportunit\u00e0 in specifiche aree e realizzando azioni di comunicazione, in collaborazione con Sviluppo Italia;<\/p>\n<p style=\"padding-left: 40px;\">\u2022 sito web: <a href=\"http:\/\/www.ice.it\">www.ice.it<\/a><\/p>\n<p>&nbsp;<\/p>\n<h5><span style=\"color: #000080;\"><strong>ASSOCAMERESTERO &#8211; Associazione delle Camere di Commercio Italiane all\u2019Estero<\/strong><\/span><\/h5>\n<p style=\"padding-left: 40px;\">\u2022 Associazione che rappresenta le esigenze e le potenzialit\u00e0 di servizio delle Camere di Commercio Italiane all\u2019estero (CCIE) e ricerca collaborazioni ed alleanze strategiche con soggetti ed enti pubblici e privati &#8211; italiani ed internazionali &#8211; per favorire la conoscenza e l\u2019utilizzo della rete delle CCIE;<\/p>\n<p style=\"padding-left: 40px;\">\u2022 provvede alla redazione del Rapporto sulle Opportunit\u00e0 di Business, che prospetta le potenzialit\u00e0 delle CCIE quali fornitori di informazioni sulle opportunit\u00e0 d\u2019affari, settore per settore, esistenti nei paesi di operativit\u00e0 della rete;<\/p>\n<p style=\"padding-left: 40px;\">\u2022 svolge attivit\u00e0 di assistenza progettuale e coordinamento degli sportelli per l\u2019internazionalizzazione delle Camere di Commercio Italiane all\u2019estero, di raccordo con il progetto di Unioncamere;<\/p>\n<p style=\"padding-left: 40px;\">\u2022 sito web: <a href=\"http:\/\/www.assocamerestero.it\">www.assocamerestero.it<\/a><\/p>\n<p>&nbsp;<\/p>\n<h5><span style=\"color: #000080;\"><strong>UNIONCAMERE &#8211; Unione italiana delle Camere di Commercio Industria e Artigianato<\/strong><\/span><\/h5>\n<p style=\"padding-left: 40px;\">\u2022 Unione che cura e rappresenta gli interessi generali delle Camere di Commercio, punto di riferimento per i settori produttivi, sia a livello locale sia nazionale ed internazionale;<\/p>\n<p style=\"padding-left: 40px;\">\u2022 promuove, realizza e gestisce, direttamente o per il tramite di proprie aziende speciali, servizi e attivit\u00e0 d&#8217;interesse delle Camere di commercio e delle categorie economiche;<\/p>\n<p style=\"padding-left: 40px;\">\u2022 punta a consolidare e sviluppare la collaborazione con la rete delle CCIE;<\/p>\n<p style=\"padding-left: 40px;\">\u2022 facilita l&#8217;accesso, con tecnologie all&#8217;avanguardia, a iniziative e programmi comunitari, favorendo accordi internazionali per promuovere l&#8217;Italia nel mondo;<\/p>\n<p style=\"padding-left: 40px;\">\u2022 sito web: <a href=\"http:\/\/www.unioncamere.it\">www.unioncamere.it<\/a><\/p>\n<p>&nbsp;<\/p>\n<h5><span style=\"color: #000080;\"><strong>ENIT &#8211; Ente Nazionale Italiano per il Turismo<\/strong><\/span><\/h5>\n<p style=\"padding-left: 40px;\">\u2022 Struttura istituzionale che provvede alla promozione turistica dell&#8217;Italia all&#8217;estero adottando iniziative per far conoscere all&#8217;estero le risorse turistiche nazionali e regionali e in particolare i valori naturali, ambientali, storici culturali ed artistici del nostro paese;<\/p>\n<p style=\"padding-left: 40px;\">\u2022 provvede ad assistere e offrire servizi tecnici alle imprese turistiche italiane per la loro penetrazione commerciale sui mercati esteri;<\/p>\n<p style=\"padding-left: 40px;\">\u2022 elabora studi sui mercati internazionali ed in particolare sulle tendenze della domanda turistica individuale ed organizzata;<\/p>\n<p style=\"padding-left: 40px;\">\u2022 analizza l\u2019evoluzione della domanda turistica estera e pianifica strategie operative disegnate d&#8217;intesa con i protagonisti pubblici e privati del turismo italiano (Ministero delle Attivit\u00e0 Produttive, Ministero degli Affari Esteri, Regioni, Amministrazioni pubbliche, Enti e Associazioni di categoria e produttori di servizi turistici;<\/p>\n<p style=\"padding-left: 40px;\">\u2022 sito web: <a href=\"http:\/\/www.enit.it\">www.enit.it<\/a><\/p>\n<p>&nbsp;<\/p>\n<h5><span style=\"color: #000080;\"><strong>Mondimpresa &#8211; Agenzia per la Mondializzazione dell\u2019impresa<\/strong><\/span><\/h5>\n<p style=\"padding-left: 40px;\">\u2022 Agenzia che promuove e sostiene i processi di mondializzazione, in particolare delle PMI &#8211; prevalentemente nel Mezzogiorno &#8211; attraverso un\u2019ampia e capillare rete in Italia, composta dalle diverse realt\u00e0 del Sistema italiano delle Camere di Commercio, della Confcommercio e della Confagricoltura;<\/p>\n<p style=\"padding-left: 40px;\">\u2022 redige offerte e progetti per la partecipazione a gare e per attingere a finanziamenti della Pubblica Amministrazione e delle principali organizzazioni internazionali;<\/p>\n<p style=\"padding-left: 40px;\">\u2022 organizza iniziative volte alla promozione del partenariato imprenditoriale transnazionale, sia a carattere settoriale sia multisettoriale;<\/p>\n<p style=\"padding-left: 40px;\">\u2022 promuove gli investimenti esteri in Italia attraverso le opportune azioni informative sulla struttura del sistema imprenditoriale italiano e sulla legislazione a sostegno degli investimenti;<\/p>\n<p style=\"padding-left: 40px;\">\u2022 sito web: <a href=\"http:\/\/www.mondimpresa.it\">www.mondimpresa.it<\/a><\/p>\n<p>&nbsp;<\/p>\n<h5><span style=\"color: #000080;\"><strong>KDIPA &#8211; Kuwait Direct Investment Promotion Authority<\/strong><\/span><\/h5>\n<p style=\"padding-left: 40px;\">\u2022 Agenzia che si occupa della promozione degli investimenti diretti nello Stato del Kuwait, in quanto autorit\u00e0 pubblica specializzata con indipendenza finanziaria e amministrativa. Il Presidente del Consiglio di amministrazione \u00e8 Il Ministro del Commercio e dell&#8217;Industria. KDIPA \u00e8 uno degli strumenti di implementazione economica del Kuwait, svolgendo operazioni di sviluppo, promozione e regolazione;<\/p>\n<p style=\"padding-left: 40px;\">\u2022 lavora sulla diversificazione dell&#8217;economia, la creazione di posti di lavoro e la formazione per i cittadini;<\/p>\n<p style=\"padding-left: 40px;\">\u2022 provvede ad attirare e incoraggiare gli investimenti diretti per promuovere l&#8217;innovazione in Kuwait;<\/p>\n<p style=\"padding-left: 40px;\">\u2022 regolamenta e approva le domande di investimento e concede incentivi in \u200b\u200bconformit\u00e0 con i criteri di trasparenza stabiliti dalle disposizioni della sua legge istitutiva e in cooperazione con le autorit\u00e0 competenti. Ci\u00f2 comporta la fornitura di servizi di assistenza post-vendita e facilitazione, nonch\u00e9 il follow-up e il monitoraggio continui per tutta la durata dei progetti su licenza, a partire da quando l&#8217;azienda straniera inizia le operazioni;<\/p>\n<p style=\"padding-left: 40px;\">\u2022 sostiene e collabora con varie parti per semplificare l&#8217;ambiente imprenditoriale in Kuwait, al fine di migliorare la competitivit\u00e0 del paese identificando i potenziali ostacoli che gli investitori potrebbero affrontare e tentando di mitigarli, diffondendo inoltre informazioni e dati disponibili in modo trasparente e tempestivo;<\/p>\n<p style=\"padding-left: 40px;\">\u2022 sito web: <a href=\"http:\/\/www.kdipa.gov.kw\">www.kdipa.gov.kw<\/a><\/p>\n","protected":false},"excerpt":{"rendered":"ICE &#8211; Istituto nazionale per il Commercio Estero \u2022 Ente pubblico che ha il compito di sviluppare, agevolare e promuovere i rapporti economici e commerciali italiani con l&#8217;estero, con particolare attenzione alle esigenze delle piccole e medie imprese, dei loro consorzi e raggruppamenti; in stretta collaborazione con il Ministero delle Attivit\u00e0 Produttive elabora il Programma [&hellip;]","protected":false},"author":4,"featured_media":0,"parent":344,"menu_order":3,"comment_status":"closed","ping_status":"closed","template":"","meta":{"footnotes":""},"class_list":["post-350","page","type-page","status-publish","hentry"],"_links":{"self":[{"href":"https:\/\/ambalkuwait.esteri.it\/it\/wp-json\/wp\/v2\/pages\/350","targetHints":{"allow":["GET"]}}],"collection":[{"href":"https:\/\/ambalkuwait.esteri.it\/it\/wp-json\/wp\/v2\/pages"}],"about":[{"href":"https:\/\/ambalkuwait.esteri.it\/it\/wp-json\/wp\/v2\/types\/page"}],"author":[{"embeddable":true,"href":"https:\/\/ambalkuwait.esteri.it\/it\/wp-json\/wp\/v2\/users\/4"}],"replies":[{"embeddable":true,"href":"https:\/\/ambalkuwait.esteri.it\/it\/wp-json\/wp\/v2\/comments?post=350"}],"version-history":[{"count":5,"href":"https:\/\/ambalkuwait.esteri.it\/it\/wp-json\/wp\/v2\/pages\/350\/revisions"}],"predecessor-version":[{"id":628,"href":"https:\/\/ambalkuwait.esteri.it\/it\/wp-json\/wp\/v2\/pages\/350\/revisions\/628"}],"up":[{"embeddable":true,"href":"https:\/\/ambalkuwait.esteri.it\/it\/wp-json\/wp\/v2\/pages\/344"}],"wp:attachment":[{"href":"https:\/\/ambalkuwait.esteri.it\/it\/wp-json\/wp\/v2\/media?parent=350"}],"curies":[{"name":"wp","href":"https:\/\/api.w.org\/{rel}","templated":true}]}}