{"id":43,"date":"2023-04-11T18:10:30","date_gmt":"2023-04-11T16:10:30","guid":{"rendered":"https:\/\/ambasciatapraga.esteri.it\/?page_id=43"},"modified":"2023-10-15T16:53:58","modified_gmt":"2023-10-15T13:53:58","slug":"diplomazia-economica","status":"publish","type":"page","link":"https:\/\/ambalkuwait.esteri.it\/it\/italia-e-kuwait\/diplomazia-economica\/","title":{"rendered":"Diplomazia economica"},"content":{"rendered":"<p><strong>Presentazione dell&#8217;economia kuwaitiana<\/strong><\/p>\n<p>Il Kuwait \u00e8 un Emirato del Golfo con una popolazione stimata in 4,2 milioni di abitanti nel 2016, per due terzi costituita da stranieri, distribuita tra i 6 governatorati: Kuwait City (capitale), Farwaniya, Hawalli, Ahmadi, Jahra, Mubarak al-Kabeer.<\/p>\n<p>Il Paese gode di un buon PIL pro-capite, pari quasi a 31.000 dollari nel 2018 (dati IMF) e ancora in crescita, mentre il prodotto interno lordo nominale a prezzi correnti (secondo la World Bank) ammontava a 140 miliardi di dollari USA nello scorso 2018, dato che comunque colloca le dimensioni dell&#8217;economia Kuwaitiana a ridosso di quelle di Paesi ben pi\u00f9 popolosi. La fonte primaria della ricchezza dell&#8217;Emirato \u00e8 l&#8217;esportazione di greggio, grazie ad una capacit\u00e0 produttiva di poco inferiore ai 3 milioni di barili al giorno, con previsioni di incremento, anche per compensare l\u2019attuale contenimento del prezzo del barile, e specialmente a seguito dei nuovi accordi raggiunti con l\u2019Arabia Saudita circa l\u2019estrazione congiunta da pozzi petroliferi nella Zona Neutrale tra i due paesi. Il petrolio rappresenta circa la met\u00e0 del PIL del Kuwait, il 90% delle esportazioni ed il 92% delle entrate governative. I principali settori economici (industrie, trasporti, servizi) sono gestiti da societ\u00e0 statali, che occupano il 77% della forza lavoro locale, mentre nel settore privato la percentuale si inverte a favore dei lavoratori stranieri, che hanno un ruolo numericamente dominante.<\/p>\n<p><strong>Piani di sviluppo<\/strong><\/p>\n<p>I piani per investire 115 miliardi di dollari nel settore petrolifero nei prossimi cinque anni dovrebbero aumentare ulteriormente la produzione di petrolio, se per\u00f2 verranno attuati con successo (previsioni World Bank). Per il momento, la ripresa delle attivit\u00e0 di estrazione e produzione nei pozzi di Khafji e Wafra, gestiti congiuntamente con l\u2019Arabia Saudita, offre un prospetto di crescita del settore pi\u00f9 immediato.<\/p>\n<p>Il nuovo Piano di Sviluppo quinquennale del Kuwait (KDP) per il 2020-2025 si baser\u00e0 sullo sviluppo qualitativo delle risorse umane, a completamento dei piani precedenti in parte ancora in fase di esecuzione. A causa del recente cambio di governo per\u00f2 il piano quinquennale 2020-2025 non ha ancora ottenuto approvazione dal nuovo ministro dell\u2019economia. Il precedente Piano di Sviluppo quinquennale 2015-2020, prevedeva progetti di Partenariato Pubblico &#8211; Privato (PPP) per un valore 8 miliardi di dinari Kuwaitiani (28,17 miliardi dollari), accompagnati da riforme economiche e l\u2019attuazione di diversi mega progetti strategici a lungo rinviati. Nel precedente piano quinquennale 2010-2014 infatti vi furono investimenti per circa 130 miliardi di USD finalizzati a trasformare il Kuwait in \u201cun centro commerciale e finanziario regionale\u201d, piani attuati per\u00f2 solo per il 57 per cento.<\/p>\n<p>Il Kuwait ha elaborato anche un ambizioso piano di sviluppo a pi\u00f9 lungo termine, Kuwait Vision 2035, con un totale di 135 progetti per circa 10 miliardi di Euro di investimenti. Tali progetti sono stati elaborati per migliorare la posizione del Kuwait nelle classifiche di competitivit\u00e0 globale, oltre che a promuovere il Kuwait come polo finanziario e commerciale e attrarre investimenti internazionali.<\/p>\n<p>La Banca centrale del Kuwait ha lasciato invariato il suo interesse di riferimento al 2,75 per cento mercoled\u00ec 11 dicembre 2019, dopo averlo ridotto dello 0,25% in ottobre 2019, per promuovere condizioni di crescita economica nei settori non petroliferi, garantendo una continua attrattiva e la competitivit\u00e0 della moneta nazionale. Tassi costanti hanno seguito la decisione della Fed americana di rimanere fermo. Il tasso di interesse in Kuwait \u00e8 stato in media del 3,70% dal 1999 al 2019, raggiungendo un massimo storico del 7,25 % nell\u2019aprile del 2000 e un minimo record del 2 % nell\u2019ottobre 2012. Una tabella con i dati storici relativi all\u2019andamento dei tassi di interesse in Kuwait \u00e8 disponibile al seguente link (<a href=\"https:\/\/tradingeconomics.com\/kuwait\/interest-rate\" target=\"_blank\" rel=\"noopener\">clicca qui<\/a>).<\/p>\n","protected":false},"excerpt":{"rendered":"Presentazione dell&#8217;economia kuwaitiana Il Kuwait \u00e8 un Emirato del Golfo con una popolazione stimata in 4,2 milioni di abitanti nel 2016, per due terzi costituita da stranieri, distribuita tra i 6 governatorati: Kuwait City (capitale), Farwaniya, Hawalli, Ahmadi, Jahra, Mubarak al-Kabeer. Il Paese gode di un buon PIL pro-capite, pari quasi a 31.000 dollari nel [&hellip;]","protected":false},"author":1,"featured_media":0,"parent":14,"menu_order":0,"comment_status":"closed","ping_status":"closed","template":"","meta":{"footnotes":""},"class_list":["post-43","page","type-page","status-publish","hentry"],"_links":{"self":[{"href":"https:\/\/ambalkuwait.esteri.it\/it\/wp-json\/wp\/v2\/pages\/43","targetHints":{"allow":["GET"]}}],"collection":[{"href":"https:\/\/ambalkuwait.esteri.it\/it\/wp-json\/wp\/v2\/pages"}],"about":[{"href":"https:\/\/ambalkuwait.esteri.it\/it\/wp-json\/wp\/v2\/types\/page"}],"author":[{"embeddable":true,"href":"https:\/\/ambalkuwait.esteri.it\/it\/wp-json\/wp\/v2\/users\/1"}],"replies":[{"embeddable":true,"href":"https:\/\/ambalkuwait.esteri.it\/it\/wp-json\/wp\/v2\/comments?post=43"}],"version-history":[{"count":6,"href":"https:\/\/ambalkuwait.esteri.it\/it\/wp-json\/wp\/v2\/pages\/43\/revisions"}],"predecessor-version":[{"id":343,"href":"https:\/\/ambalkuwait.esteri.it\/it\/wp-json\/wp\/v2\/pages\/43\/revisions\/343"}],"up":[{"embeddable":true,"href":"https:\/\/ambalkuwait.esteri.it\/it\/wp-json\/wp\/v2\/pages\/14"}],"wp:attachment":[{"href":"https:\/\/ambalkuwait.esteri.it\/it\/wp-json\/wp\/v2\/media?parent=43"}],"curies":[{"name":"wp","href":"https:\/\/api.w.org\/{rel}","templated":true}]}}