{"id":531,"date":"2023-10-22T19:24:04","date_gmt":"2023-10-22T16:24:04","guid":{"rendered":"https:\/\/ambalkuwait.esteri.it\/?page_id=531"},"modified":"2023-10-22T19:24:04","modified_gmt":"2023-10-22T16:24:04","slug":"universita","status":"publish","type":"page","link":"https:\/\/ambalkuwait.esteri.it\/it\/servizi-consolari-e-visti\/servizi-per-il-cittadino-straniero\/studi\/universita\/","title":{"rendered":"Universit\u00e0"},"content":{"rendered":"<p><strong>FOUNDATION YEAR PROGRAM FOR THE ACCADEMIC YEAR 2021-2022<\/strong><\/p>\n<p><img decoding=\"async\" class=\"aligncenter\" src=\"https:\/\/ambalkuwait.esteri.it\/ambasciata_alkuwait\/resource\/img\/2021\/01\/foundation_year_program_2021_2022.png\" alt=\"foundation year program 2021 2022\" \/><\/p>\n<p><iframe loading=\"lazy\" src=\"https:\/\/www.youtube.com\/embed\/bJV-mZj_EHo\" width=\"560\" height=\"315\" frameborder=\"0\" allowfullscreen=\"allowfullscreen\" data-mce-fragment=\"1\"><\/iframe><\/p>\n<p><iframe loading=\"lazy\" src=\"https:\/\/www.youtube.com\/embed\/b50mEISiCuo\" width=\"560\" height=\"315\" frameborder=\"0\" allowfullscreen=\"allowfullscreen\" data-mce-fragment=\"1\"><\/iframe><\/p>\n<p><strong>PARTE GENERALE<\/strong><\/p>\n<p>Il sistema universitario italiano offre numerose opportunit\u00e0 di studio per gli studenti stranieri che vogliano intraprendere o completare il loro percorso formativo all\u2019estero, anche grazie al fatto che sempre pi\u00f9 frequentemente gli Atenei italiani prevedono lo svolgimento di corsi di studio interamente in lingua inglese.<\/p>\n<p>Secondo i pi\u00f9 recenti dati a disposizione, ad oggi il numero totale degli studenti stranieri immatricolati si attesta attorno alle 70&#8217;000 unit\u00e0. Anche le immatricolazioni sono raddoppiate nel corso del decennio 2003-2013 (da 7&#8217;269 a 15&#8217;710 unit\u00e0), a testimonianza della crescente attrattivit\u00e0 internazionale del sistema universitario italiano.<\/p>\n<p>Le principali informazioni concernenti l\u2019accesso degli stranieri ai corsi delle Universit\u00e0 italiane possono essere facilmente reperite sul web ai seguenti indirizzi:<\/p>\n<ul>\n<li><a href=\"https:\/\/www.studiare-in-italia.it\/studentistranieri\/\">Studenti Stranieri Miur (studiare-in-italia.it)<\/a><\/li>\n<li><a href=\"https:\/\/www.miur.gov.it\/web\/guest\/universita\">Universit\u00e0 &#8211; Miur<\/a><\/li>\n<\/ul>\n<p>Ulteriore materiale informativo (la pagina \u00e8 disponibile anche in lingua inglese) sull\u2019argomento \u00e8 consultabile al link <a href=\"https:\/\/www.universitaly.it\/\">Universitaly.it<\/a>\u00a0dove \u00e8 possibile trovare i corsi di primo e secondo ciclo (Laurea e Laurea Magistrale) svolti totalmente in lingua inglese.<\/p>\n<p>E\u2019 inoltre consigliabile visitare il sito web <a href=\"https:\/\/www.crui.it\/\">CRUI &#8211; Conferenza dei Rettori delle Universita italiane<\/a>, che offre utili aggiornamenti circa i corsi post-universitari in lingua inglese (master universitari, dottorati e summer\/winter school) offerti dal sistema universitario italiano, il quale attribuisce loro la strategica funzione di concorrere alla promozione internazionale del sistema di alta formazione e ricerca italiano: <a href=\"https:\/\/www.crui.it\/component\/k2\/item\/2521-corsi-in-lingua-inglese-master-universitari-dottorati-e-winter-summer-school.html.\">Corsi in lingua inglese: master universitari, dottorati e winter\/summer school &#8211; CRUI<\/a>.<\/p>\n<p>&nbsp;<\/p>\n<p><strong>BORSE DI STUDIO IN FAVORE DI STUDENTI UNIVERSITARI KUWAITIANI<br \/>\n<\/strong><\/p>\n<p>Il Governo italiano mette annualmente a disposizione di studenti universitari in possesso della cittadinanza kuwaitiana alcune borse di studio per frequentare in Italia il successivo anno accademico universitario. Il numero esatto delle borse di studio viene comunicato a questa Ambasciata, a cui spetta la raccolta, verifica e selezione delle candidature. A coloro che fossero interessati ad una esperienza di questo tipo, si consiglia di consultare regolarmente il nostro sito web per avere informazioni aggiornate. Non appena disponibile, pubblicheremo il bando sulla nostra homepage <a href=\"https:\/\/ambalkuwait.esteri.it\/it\/\">Ambasciata d&#8217;Italia in Kuwait<\/a> (generalmente in primavera per l\u2019anno accademico successivo). Per ogni ulteriore informazione al riguardo, si prega di consultare il seguente link istituzionale: <a href=\"https:\/\/www.esteri.it\/it\/opportunita\/borse-di-studio\/\">Borse di Studio \u2013 Ministero degli Affari Esteri e della Cooperazione Internazionale<\/a>.<\/p>\n","protected":false},"excerpt":{"rendered":"FOUNDATION YEAR PROGRAM FOR THE ACCADEMIC YEAR 2021-2022 PARTE GENERALE Il sistema universitario italiano offre numerose opportunit\u00e0 di studio per gli studenti stranieri che vogliano intraprendere o completare il loro percorso formativo all\u2019estero, anche grazie al fatto che sempre pi\u00f9 frequentemente gli Atenei italiani prevedono lo svolgimento di corsi di studio interamente in lingua inglese. [&hellip;]","protected":false},"author":4,"featured_media":0,"parent":525,"menu_order":2,"comment_status":"closed","ping_status":"closed","template":"","meta":{"footnotes":""},"class_list":["post-531","page","type-page","status-publish","hentry"],"_links":{"self":[{"href":"https:\/\/ambalkuwait.esteri.it\/it\/wp-json\/wp\/v2\/pages\/531","targetHints":{"allow":["GET"]}}],"collection":[{"href":"https:\/\/ambalkuwait.esteri.it\/it\/wp-json\/wp\/v2\/pages"}],"about":[{"href":"https:\/\/ambalkuwait.esteri.it\/it\/wp-json\/wp\/v2\/types\/page"}],"author":[{"embeddable":true,"href":"https:\/\/ambalkuwait.esteri.it\/it\/wp-json\/wp\/v2\/users\/4"}],"replies":[{"embeddable":true,"href":"https:\/\/ambalkuwait.esteri.it\/it\/wp-json\/wp\/v2\/comments?post=531"}],"version-history":[{"count":1,"href":"https:\/\/ambalkuwait.esteri.it\/it\/wp-json\/wp\/v2\/pages\/531\/revisions"}],"predecessor-version":[{"id":532,"href":"https:\/\/ambalkuwait.esteri.it\/it\/wp-json\/wp\/v2\/pages\/531\/revisions\/532"}],"up":[{"embeddable":true,"href":"https:\/\/ambalkuwait.esteri.it\/it\/wp-json\/wp\/v2\/pages\/525"}],"wp:attachment":[{"href":"https:\/\/ambalkuwait.esteri.it\/it\/wp-json\/wp\/v2\/media?parent=531"}],"curies":[{"name":"wp","href":"https:\/\/api.w.org\/{rel}","templated":true}]}}