{"id":74,"date":"2023-04-11T18:20:09","date_gmt":"2023-04-11T16:20:09","guid":{"rendered":"https:\/\/ambasciatapraga.esteri.it\/?page_id=74"},"modified":"2025-11-17T15:47:44","modified_gmt":"2025-11-17T12:47:44","slug":"autoveicoli-e-patenti-di-guida","status":"publish","type":"page","link":"https:\/\/ambalkuwait.esteri.it\/it\/servizi-consolari-e-visti\/servizi-per-il-cittadino-italiano\/autoveicoli-e-patenti-di-guida\/","title":{"rendered":"Autoveicoli e Patenti di guida"},"content":{"rendered":"<p><strong>ESTENSIONE DELLA VALIDIT\u00c0 DELLA PATENTE DI GUIDA ITALIANA<\/strong><\/p>\n<p>Il titolare di patente italiana residente nella circoscrizione consolare o dimorante per un periodo di almeno 6 mesi nella medesima pu\u00f2 ottenere presso questo Ufficio consolare la <strong>conferma della validit\u00e0 della patente italiana<\/strong>, scaduta da non pi\u00f9 di cinque anni e non rientrante nei casi previsti all\u2019art. 119, commi 2-bis e 4 del Codice della Strada D.lgs. 30 aprile 1992, n. 285.<\/p>\n<p>Premesso dunque che la proroga della scadenza della patente di guida italiana pu\u00f2 essere richiesta:<\/p>\n<ul>\n<li>esclusivamente da <strong>cittadini italiani residenti nella circoscrizione consolare del Kuwait<\/strong> \u2013 regolarmente iscritti in A.I.R.E. o iscritti nelle anagrafi consolari per i quali sia stata avviata la procedura di iscrizione in A.I.R.E. &#8211; <strong>o dimoranti nella circoscrizione per un periodo di almeno 6 mesi<\/strong>;<\/li>\n<li>per patenti di guida <strong>scadute da non oltre 5 anni<\/strong>;<\/li>\n<li>per <strong>conducenti non rientranti nei casi previsti all\u2019art. 119, commi 2-bis e 4 del Codice della Strada <\/strong>D.lgs. 30 aprile 1992, n. 285 (patenti di conducenti affetti da diabete o la cui idoneit\u00e0 psicofisica deve essere certificata da apposite commissioni mediche);<\/li>\n<\/ul>\n<p>Si chiarisce che la conferma della patente di guida eseguita presso gli Uffici consolari consiste nella <strong>proroga della scadenza della medesima<\/strong>. Tuttavia, una volta <strong>riacquisita la residenza o la dimora in Italia<\/strong>, la patente di guida dovr\u00e0 essere confermata dai competenti Uffici in Italia anche nel caso in cui il rinnovo fatto presso gli uffici consolari sia ancora valido. \u00c8 necessario conservare e successivamente produrre l\u2019attestazione di conferma unita alla patente di guida.<\/p>\n<p><strong>Procedura per l\u2019istanza di rinnovo<\/strong>:<\/p>\n<ul>\n<li>Acquisire dalla sezione modulistica di questo sito il <strong>modulo da<\/strong> <strong>sottoporre al medico competente<\/strong> nel corso della visita che attesti l\u2019idoneit\u00e0 alla guida, nonch\u00e9 produrre una<strong> propria foto in formato fototessera scattata secondo i requisiti previsti per i documenti<\/strong>.\n<ul>\n<li>A tale fine si indica la struttura <em>Dar Al Shifa Hospital<\/em>, situato a <em>Hawally<\/em>.<\/li>\n<li>Si chiarisce che il costo della visita per la produzione del certificato medico di idoneit\u00e0 \u00e8 <strong>a pagamento a carico del richiedente <\/strong>e che il pagamento va corrisposto direttamente al medico.<\/li>\n<\/ul>\n<\/li>\n<li><strong>Prendere appuntamento presso l\u2019Ufficio consolare<\/strong>.<\/li>\n<li>In sede di appuntamento presso l\u2019Ufficio consolare, <strong>produrre<\/strong>:\n<ul>\n<li>Il <strong>certificato medico<\/strong>;<\/li>\n<li><strong>Documento di riconoscimento italiano<\/strong> (originale) da esibire al personale dell\u2019Ufficio consolare <strong>e riproduzione in copia del medesimo<\/strong>;<\/li>\n<li><strong>Civil ID del Kuwait <\/strong>da esibire al personale dell\u2019Ufficio consolare <strong>e riproduzione in copia della medesima<\/strong>;<\/li>\n<li><strong>Patente<\/strong> della quale si chiede la conferma della validit\u00e0 <strong>e riproduzione in copia della medesima<\/strong>.<\/li>\n<\/ul>\n<\/li>\n<\/ul>\n<p>La conferma della validit\u00e0 della patente italiana \u00e8 soggetta a <strong>diritti consolari da pagare in contanti in sede di appuntamento<\/strong>. L\u2019esatto ammontare verr\u00e0 <strong>comunicato in sede di prenotazione dell\u2019appuntamento<\/strong>.<\/p>\n<p>Link al sito istituzionale con le informazioni generali: <a href=\"https:\/\/www.esteri.it\/it\/servizi-consolari-e-visti\/italiani-all-estero\/autoveicoli_e_patenti\/patenteguida\/\">Patente di guida \u2013 Ministero degli Affari Esteri e della Cooperazione Internazionale<\/a>.<\/p>\n","protected":false},"excerpt":{"rendered":"ESTENSIONE DELLA VALIDIT\u00c0 DELLA PATENTE DI GUIDA ITALIANA Il titolare di patente italiana residente nella circoscrizione consolare o dimorante per un periodo di almeno 6 mesi nella medesima pu\u00f2 ottenere presso questo Ufficio consolare la conferma della validit\u00e0 della patente italiana, scaduta da non pi\u00f9 di cinque anni e non rientrante nei casi previsti all\u2019art. [&hellip;]","protected":false},"author":1,"featured_media":0,"parent":47,"menu_order":16,"comment_status":"closed","ping_status":"closed","template":"","meta":{"footnotes":""},"class_list":["post-74","page","type-page","status-publish","hentry"],"_links":{"self":[{"href":"https:\/\/ambalkuwait.esteri.it\/it\/wp-json\/wp\/v2\/pages\/74","targetHints":{"allow":["GET"]}}],"collection":[{"href":"https:\/\/ambalkuwait.esteri.it\/it\/wp-json\/wp\/v2\/pages"}],"about":[{"href":"https:\/\/ambalkuwait.esteri.it\/it\/wp-json\/wp\/v2\/types\/page"}],"author":[{"embeddable":true,"href":"https:\/\/ambalkuwait.esteri.it\/it\/wp-json\/wp\/v2\/users\/1"}],"replies":[{"embeddable":true,"href":"https:\/\/ambalkuwait.esteri.it\/it\/wp-json\/wp\/v2\/comments?post=74"}],"version-history":[{"count":5,"href":"https:\/\/ambalkuwait.esteri.it\/it\/wp-json\/wp\/v2\/pages\/74\/revisions"}],"predecessor-version":[{"id":2598,"href":"https:\/\/ambalkuwait.esteri.it\/it\/wp-json\/wp\/v2\/pages\/74\/revisions\/2598"}],"up":[{"embeddable":true,"href":"https:\/\/ambalkuwait.esteri.it\/it\/wp-json\/wp\/v2\/pages\/47"}],"wp:attachment":[{"href":"https:\/\/ambalkuwait.esteri.it\/it\/wp-json\/wp\/v2\/media?parent=74"}],"curies":[{"name":"wp","href":"https:\/\/api.w.org\/{rel}","templated":true}]}}